{"id":1390,"date":"2025-05-20T09:33:45","date_gmt":"2025-05-20T07:33:45","guid":{"rendered":"https:\/\/www.becetransfers.com\/?page_id=1390"},"modified":"2025-07-02T12:56:37","modified_gmt":"2025-07-02T10:56:37","slug":"aviso-legal","status":"publish","type":"page","link":"https:\/\/www.becetransfers.com\/fr\/aviso-legal\/","title":{"rendered":"Avis juridique"},"content":{"rendered":"<div  class='hr av-2mhirm-11312ce5cca1eee588b4def38e65b6f7 hr-default  avia-builder-el-0  el_before_av_one_full  avia-builder-el-first '><span class='hr-inner '><span class=\"hr-inner-style\"><\/span><\/span><\/div>\n<div  class='flex_column av-2xigw2-95579190a6a444bf494d22356495db46 av_one_full  avia-builder-el-1  el_after_av_hr  avia-builder-el-last  first flex_column_div  '     ><section  class='av_textblock_section av-m7aktxln-ca450659444f8737e558f6cebf45e2b9 '   itemscope=\"itemscope\" itemtype=\"https:\/\/schema.org\/CreativeWork\" ><div class='avia_textblock'  itemprop=\"text\" ><h3 style=\"color: #ffffff;\">Avis juridique<\/h3>\n<p data-asw-orgfontsize=\"14\">Afin de respecter l\u2019article 10 de la loi 34\/2002 sur les services de la soci\u00e9t\u00e9 de l\u2019information et le commerce \u00e9lectronique, nous informons les utilisateurs de nos donn\u00e9es:<\/p>\n<p data-asw-orgfontsize=\"14\"><strong>Raison sociale: MAYPE, TAXIS I MICROBUSOS, S.L.<\/strong><\/p>\n<p data-asw-orgfontsize=\"14\"><strong>Si\u00e9ge social: Carrer Llu\u00eds Companys, 4, 17200, Palafrugell, Girona<\/strong><\/p>\n<p data-asw-orgfontsize=\"14\"><strong>NIF: B17834839<\/strong><\/p>\n<p data-asw-orgfontsize=\"14\"><strong>T\u00e9l\u00e9phone: 972963322<\/strong><\/p>\n<p data-asw-orgfontsize=\"14\"><strong>E-mail:Info@maype.com<\/strong><\/p>\n<p data-asw-orgfontsize=\"14\"><strong>Site Web:www.maypebus.com<\/strong><\/p>\n<p data-asw-orgfontsize=\"14\"><strong>Donn\u00e9es d&rsquo;enregistrement:\u00a0<\/strong>Registre Mercantile de Barcelone, feuille n\u00ba 86.108 \/ Folio 129 \/ Volume 30.867 du Book of Companies.<\/p>\n<p data-asw-orgfontsize=\"14\"><strong>1.- OBJET<br \/>\nMAYPE, TAXIS I MICROBUSOS, S.L. <\/strong>(ci-apr\u00e8s \u00e9galement le fournisseur) en tant que responsable de le site Web, met \u00e0 la disposition des utilisateurs le pr\u00e9sent document, qui r\u00e9git l&rsquo;utilisation du site Web www.sagales.com avec lequel nous avons l&rsquo;intention de respecter les obligations pr\u00e9vues par la loi 34 \/. 2002, Services de la soci\u00e9t\u00e9 de l&rsquo;information et du commerce \u00e9lectronique (LSSICE ou LSSI), ainsi que l&rsquo;information de tous les utilisateurs du site Web sur les conditions d&rsquo;utilisation du site. \u00c0 travers le Web, <strong>MAYPE, TAXIS I MICROBUSOS, S.L. <\/strong>facilite l&rsquo;acc\u00e8s et l&rsquo;utilisation par les utilisateurs des diff\u00e9rents services et contenus mis \u00e0 disposition.<\/p>\n<p data-asw-orgfontsize=\"14\">Toute personne acc\u00e9dant \u00e0 ce site Web assume le r\u00f4le d&rsquo;utilisateur (ci-apr\u00e8s l&rsquo;utilisateur) et implique l&rsquo;acceptation pleine et sans r\u00e9serve de chacune des dispositions contenues dans le pr\u00e9sent avis l\u00e9gal, ainsi que de toute autre disposition l\u00e9gale pouvant \u00eatre d&rsquo;application.<\/p>\n<p data-asw-orgfontsize=\"14\">En tant qu&rsquo;utilisateurs, ils doivent lire attentivement le pr\u00e9sent avis juridique \u00e0 tout moment au moment o\u00f9 ils entrent sur le site Web, ce dernier pouvant \u00eatre modifi\u00e9 car le fournisseur se r\u00e9serve le droit de modifier toute information susceptible d&rsquo;appara\u00eetre sur le site Web, sans que cela ne se produise. l&rsquo;obligation de pr\u00e9-aviser ou d&rsquo;informer les utilisateurs de ces obligations, \u00e9tant suffisante pour la publication sur le site internet du fournisseur.<\/p>\n<p data-asw-orgfontsize=\"14\"><strong>2. CONDITIONS D&rsquo;ACC\u00c8S ET D&rsquo;UTILISATION DU WEB<br \/>\n2.1. Acc\u00e8s gratuit et utilisation du Web<\/strong><br \/>\nLa prestation de services par <strong>MAYPE, TAXIS I MICROBUSOS, S.L.<\/strong><strong>\u00a0<\/strong>c&rsquo;est gratuit pour tous les utilisateurs. Toutefois, certains services fournis par le fournisseur via le Web sont soumis au paiement d\u2019un prix sp\u00e9cifique conform\u00e9ment aux conditions g\u00e9n\u00e9rales du contrat.<\/p>\n<p data-asw-orgfontsize=\"14\"><strong>2.2. Enregistrement de l&rsquo;utilisateur.<\/strong><br \/>\nEn r\u00e8gle g\u00e9n\u00e9rale, la fourniture des services ne n\u00e9cessite pas d&rsquo;abonnement pr\u00e9alable ni d&rsquo;enregistrement des utilisateurs. N\u00e9anmoins, <strong>MAYPE, TAXIS I MICROBUSOS, S.L.<\/strong>\u00a0conditionne l&rsquo;utilisation de certains services \u00e0 la pr\u00e9c\u00e9dente compl\u00e9mentation de l&rsquo;enregistrement utilisateur correspondant. Cette inscription sera faite de la mani\u00e8re express\u00e9ment indiqu\u00e9e dans la section service elle-m\u00eame.<\/p>\n<p data-asw-orgfontsize=\"14\"><strong>2.3. V\u00e9racit\u00e9 de l&rsquo;information<\/strong><br \/>\nToutes les informations fournies par l&rsquo;utilisateur doivent \u00eatre v\u00e9ridiques. \u00c0 ces fins, l&rsquo;utilisateur garantit l&rsquo;authenticit\u00e9 des donn\u00e9es communiqu\u00e9es via les formulaires de souscription aux services. Il appartiendra \u00e0 l&rsquo;utilisateur de conserver toutes les informations fournies \u00e0 <strong>MAYPE, TAXIS I MICROBUSOS, S.L.<\/strong>\u00a0constamment mis \u00e0 jour pour qu\u2019il r\u00e9ponde, \u00e0 chaque instant, \u00e0 sa situation r\u00e9elle. Dans tous les cas, l&rsquo;utilisateur sera seul responsable de toutes d\u00e9clarations fausses ou inexactes et des dommages caus\u00e9s au fournisseur ou \u00e0 des tiers.<\/p>\n<p data-asw-orgfontsize=\"14\"><strong>2.4. Mineurs<\/strong><br \/>\nPour utiliser les services, les mineurs doivent toujours obtenir le consentement de leurs parents, tuteurs ou repr\u00e9sentants l\u00e9gaux, qui sont responsables en dernier ressort de tous les actes accomplis par les mineurs. La responsabilit\u00e9 de d\u00e9terminer le contenu sp\u00e9cifique auquel les mineurs ont acc\u00e8s correspond \u00e0 ceux-ci. C\u2019est pourquoi, s\u2019ils acc\u00e8dent \u00e0 un contenu inappropri\u00e9 via Internet, ils devront \u00e9tablir des m\u00e9canismes dans leurs ordinateurs, notamment des programmes informatiques, des filtres et des blocs, qui permettent de limiter les contenus et, bien qu\u2019elles ne soient pas infaillibles, elles sont particuli\u00e8rement utiles pour contr\u00f4ler et restreindre les contenus auxquels les mineurs ont acc\u00e8s.<\/p>\n<p data-asw-orgfontsize=\"14\"><strong>2.5. Obligation d&rsquo;utiliser correctement le Web<\/strong><br \/>\nL&rsquo;utilisateur accepte d&rsquo;utiliser le Web conform\u00e9ment \u00e0 la loi et au pr\u00e9sent avis juridique, ainsi que conform\u00e9ment aux bonnes et morales coutumes. \u00c0 cette fin, l&rsquo;utilisateur s&rsquo;abstiendra d&rsquo;utiliser la page \u00e0 des fins ill\u00e9gales ou interdites, portant atteinte aux droits et int\u00e9r\u00eats de tiers, ou pouvant, de quelque mani\u00e8re que ce soit, endommager, d\u00e9sactiver, surcharger, d\u00e9t\u00e9riorer ou emp\u00eacher l&rsquo;utilisation normale de mat\u00e9riel ou de documents informatiques, fichiers et toutes sortes de contenus stock\u00e9s sur l\u2019\u00e9quipement informatique du fournisseur.<\/p>\n<p data-asw-orgfontsize=\"14\">En particulier, et \u00e0 titre indicatif mais non exhaustif, l&rsquo;utilisateur s&rsquo;interdit de transmettre, diffuser ou mettre \u00e0 la disposition de tiers des informations, donn\u00e9es, contenus, messages, graphiques, dessins, fichiers son ou image, photographies, enregistrements, logiciels et tout type de mat\u00e9riel qui:<br \/>\n(a) est contraire, m\u00e9prise ou tente de violer les droits fondamentaux et les libert\u00e9s publiques reconnus constitutionnellement dans les trait\u00e9s internationaux et autres normes en vigueur;<br \/>\n(b) inciter, inciter ou promouvoir des actes criminels, d\u00e9gradants, diffamatoires, violents ou, en g\u00e9n\u00e9ral, contraires \u00e0 la loi, \u00e0 la morale et \u00e0 l&rsquo;ordre public;<br \/>\n(c) incite ou encourage des actions, attitudes ou pens\u00e9es discriminatoires en raison de sexe, race, religion, convictions, \u00e2ge ou condition;<br \/>\nd) est contraire au droit d&rsquo;honneur, \u00e0 la vie priv\u00e9e de la personne ou de la famille ou \u00e0 la propre image de la personne;<br \/>\n(e) porter atteinte de quelque mani\u00e8re que ce soit \u00e0 la cr\u00e9dibilit\u00e9 du fournisseur ou de tiers; et<br \/>\n(f) constitue de la publicit\u00e9 illicite, trompeuse ou d\u00e9loyale.<\/p>\n<p data-asw-orgfontsize=\"14\"><strong>3.- EXCLUSION DE GARANTIES ET DE RESPONSABILIT\u00c9<\/strong><br \/>\nLe fournisseur est exon\u00e9r\u00e9 de tout type de responsabilit\u00e9 d\u00e9coulant des informations publi\u00e9es sur notre site Web, \u00e0 condition que ces informations aient \u00e9t\u00e9 manipul\u00e9es ou introduites par un tiers ext\u00e9rieur. Ce site web a \u00e9t\u00e9 examin\u00e9 et test\u00e9 pour fonctionner correctement. En principe, le bon fonctionnement peut \u00eatre garanti 365 jours par an et 24 heures par jour. Cependant, le pr\u00eateur n&rsquo;exclut pas la possibilit\u00e9 de certaines erreurs de programmation, ou causes de force majeure, catastrophes naturelles, gr\u00e8ves ou circonstances similaires rendant l&rsquo;acc\u00e8s au site impossible. <strong>MAYPE, TAXIS I MICROBUSOS, S.L.<\/strong>\u00a0n&rsquo;accorde aucune garantie et n&rsquo;est en aucun cas responsable des dommages de toute nature pouvant r\u00e9sulter du manque de disponibilit\u00e9, de la maintenance et du bon fonctionnement du Web ou de ses services et contenus; de l&rsquo;existence de virus, programmes malveillants ou nuisibles du contenu; de l&rsquo;utilisation illicite, n\u00e9gligente, frauduleuse ou contraire au pr\u00e9sent avis juridique et aux conditions d&rsquo;utilisation; ou manque de l\u00e9galit\u00e9, qualit\u00e9, fiabilit\u00e9, utilit\u00e9 et disponibilit\u00e9 des services fournis par des tiers aux utilisateurs de notre site Web. Le pr\u00eateur n&rsquo;est en aucun cas responsable des dommages pouvant r\u00e9sulter de l&rsquo;utilisation ill\u00e9gale ou inappropri\u00e9e de cette page Web.<\/p>\n<p data-asw-orgfontsize=\"14\"><strong>4.- COOKIES<\/strong><br \/>\nLe site Web du pr\u00eateur peut utiliser des cookies (petits fichiers d&rsquo;informations que le serveur envoie \u00e0 l&rsquo;ordinateur des personnes acc\u00e9dant \u00e0 la page) pour ex\u00e9cuter certaines fonctions jug\u00e9es essentielles pour le bon fonctionnement et la visualisation du site. Les cookies utilis\u00e9s ont, dans tous les cas, un caract\u00e8re temporaire, dans le seul but de rendre la navigation plus efficace, et disparaissent \u00e0 la fin de la session de l&rsquo;utilisateur. Les cookies ne seront en aucun cas utilis\u00e9s pour collecter des informations \u00e0 caract\u00e8re personnel. Pour plus d&rsquo;informations, consultez notre politique de cookies.<\/p>\n<p data-asw-orgfontsize=\"14\"><strong>5.- LIENS (LINKS)<\/strong><br \/>\n\u00c0 partir du site Web, il est possible qu\u2019il soit redirig\u00e9 vers des sites Web tiers. Comme nous ne pouvons pas toujours contr\u00f4ler le contenu introduit par les tiers, <strong>MAYPE, TAXIS I MICROBUSOS, S.L.<\/strong> n&rsquo;assume aucune responsabilit\u00e9 quant \u00e0 ces contenus. En tout \u00e9tat de cause, le pr\u00eateur d\u00e9clare qu\u2019il proc\u00e9dera au retrait imm\u00e9diat de tout contenu susceptible de violer la l\u00e9gislation nationale ou internationale, la moralit\u00e9 ou l\u2019ordre public, en proc\u00e9dant de m\u00eame au retrait imm\u00e9diat de la re-direction sur ces sites Web, en faisant conna\u00eetre des autorit\u00e9s comp\u00e9tentes le contenu en question.<\/p>\n<p data-asw-orgfontsize=\"14\">Le pr\u00eateur n&rsquo;est pas responsable des informations et du contenu stock\u00e9s, mais sans s&rsquo;y limiter, des forums, des chats, des blogueurs, des commentaires, des r\u00e9seaux sociaux ou tout autre moyen permettant \u00e0 des tiers de publier du contenu de mani\u00e8re ind\u00e9pendante sur la page Web. du pr\u00eateur. Toutefois, conform\u00e9ment aux dispositions des articles 11 et 16 de la LSSICE, le pr\u00eateur est mis \u00e0 la disposition de tous les utilisateurs, autorit\u00e9s et forces de s\u00e9curit\u00e9, et collabore activement au retrait ou, s\u2019il est n\u00e9cessaire, le blocage de tous les contenus susceptibles d\u2019affecter ou de contrevenir aux lois nationales, internationales ou relatives aux droits des tiers, \u00e0 la moralit\u00e9 et \u00e0 l\u2019ordre public. Dans le cas o\u00f9 l&rsquo;utilisateur estime qu&rsquo;il y a un contenu susceptible de faire l&rsquo;objet de cette classification, il est invit\u00e9 \u00e0 en informer imm\u00e9diatement l&rsquo;administrateur du site.<\/p>\n<p data-asw-orgfontsize=\"14\"><strong>6.- PROTECTION DES DONNEES PERSONNELLES<\/strong><br \/>\nLe pr\u00eateur est profond\u00e9ment attach\u00e9 au respect de la r\u00e9glementation en mati\u00e8re de protection des donn\u00e9es \u00e0 caract\u00e8re personnel et garantit le plein respect des obligations stipul\u00e9es, ainsi que la mise en \u0153uvre des mesures de s\u00e9curit\u00e9 stipul\u00e9es dans le r\u00e8glement europ\u00e9en sur la protection des donn\u00e9es et la r\u00e9glementation espagnole pour la protection des donn\u00e9es \u00e0 caract\u00e8re personnel. les donn\u00e9es Pour plus d&rsquo;informations, consultez notre politique de confidentialit\u00e9.<\/p>\n<p data-asw-orgfontsize=\"14\"><strong>7. R\u00c9SEAUX SOCIAUX<\/strong><br \/>\nNous vous informons que <strong>MAYPE, TAXIS I MICROBUSOS, S.L.<\/strong><strong>\u00a0<\/strong>peut \u00eatre pr\u00e9sent dans les r\u00e9seaux sociaux. Le traitement des donn\u00e9es que les utilisateurs incluent [\u00e9tant suiveurs des r\u00e9seaux sociaux du pr\u00eateurs (et\/ou tout lien ou action de connexion \u00e0 travers ceux-ci)] sera r\u00e9gi par la pr\u00e9sente section, ainsi que par les conditions d&rsquo;utilisation, les politiques de confidentialit\u00e9 et les r\u00e8gles d&rsquo;acc\u00e8s et d&rsquo;utilisation des r\u00e9seaux sociaux en question et pr\u00e9c\u00e9demment accept\u00e9 par l&rsquo;utilisateur. <strong>MAYPE, TAXIS I MICROBUSOS, S.L.<\/strong>\u00a0traitera vos donn\u00e9es afin d&rsquo;informer des activit\u00e9s, produits ou services du fournisseur, ainsi que pour toute autre fin autoris\u00e9e par la r\u00e9glementation des r\u00e9seaux sociaux, sans que sa responsabilit\u00e9 ne puisse \u00eatre engag\u00e9e de la vie priv\u00e9e.<\/p>\n<p data-asw-orgfontsize=\"14\">La publication de contenu est interdite:<br \/>\n&#8211; Qu&rsquo;ils soient pr\u00e9sum\u00e9s illicites par les normes nationales, communautaires ou internationales ou qu&rsquo;ils m\u00e8nent des activit\u00e9s pr\u00e9sum\u00e9es illicites ou contreviennent aux principes de la bonne foi.<br \/>\n&#8211; Qu&rsquo;ils attaquent les droits fondamentaux du peuple, qu&rsquo;ils soient libres de courtoisie dans le r\u00e9seau, agacent ou puissent g\u00e9n\u00e9rer des opinions n\u00e9gatives de la part de nos utilisateurs ou de tiers et en g\u00e9n\u00e9ral, quels que soient les contenus qu&rsquo;<strong>MAYPE, TAXIS I MICROBUSOS, S.L.<\/strong>\u00a0ne consid\u00e8re pas comme appropri\u00e9.<br \/>\n&#8211; Et en g\u00e9n\u00e9ral, ils contreviennent aux principes de l\u00e9galit\u00e9, d&rsquo;honn\u00eatet\u00e9, de responsabilit\u00e9, de protection de la dignit\u00e9 humaine, de protection des mineurs, de protection de l&rsquo;ordre public, de protection de la vie priv\u00e9e,<br \/>\nProtection du consommateur et droits de propri\u00e9t\u00e9 intellectuelle et industrielle.<br \/>\nDe m\u00eame, <strong>MAYPE, TAXIS I MICROBUSOS, S.L.<\/strong>\u00a0se r\u00e9serve le droit de retirer, sans notification pr\u00e9alable du site Web ou du r\u00e9seau social d&rsquo;entreprise, les contenus consid\u00e9r\u00e9s comme inappropri\u00e9s.<\/p>\n<p data-asw-orgfontsize=\"14\"><strong>8. PROPRI\u00c9T\u00c9 INTELLECTUELLE ET INDUSTRIELLE<\/strong><br \/>\nLe site Web, y compris, sans toutefois s&rsquo;y limiter, la programmation, l&rsquo;\u00e9dition, la compilation et les autres \u00e9l\u00e9ments n\u00e9cessaires \u00e0 son fonctionnement, les dessins, logos, textes, photographies et\/ou graphiques sont la propri\u00e9t\u00e9 du fournisseur ou, le cas \u00e9ch\u00e9ant, de la licence ou autorisation expresse des auteurs. Tous les contenus du site sont d\u00fbment prot\u00e9g\u00e9s par le r\u00e8glement de la propri\u00e9t\u00e9 intellectuelle et industrielle.<\/p>\n<p data-asw-orgfontsize=\"14\">Quel que soit le but pour lequel ils \u00e9taient destin\u00e9s, la reproduction totale ou partielle, l&rsquo;utilisation, la distribution et la communication publique n\u00e9cessitent l&rsquo;autorisation \u00e9crite pr\u00e9alable du fournisseur. Toute utilisation non pr\u00e9alablement autoris\u00e9e par le fournisseur sera consid\u00e9r\u00e9e comme une violation grave des droits de propri\u00e9t\u00e9 intellectuelle ou industrielle de l&rsquo;auteur.<\/p>\n<p data-asw-orgfontsize=\"14\">Les dessins, logos, textes et\/ou graphiques ext\u00e9rieurs au pr\u00eateur et susceptibles d&rsquo;appara\u00eetre sur le site appartiennent \u00e0 leurs propri\u00e9taires respectifs et sont eux-m\u00eames responsables de la controverse \u00e9ventuelle qui pourrait en d\u00e9couler. Dans tous les cas, le pr\u00eateur a une autorisation expresse et pr\u00e9alable de leur part.<\/p>\n<p data-asw-orgfontsize=\"14\">Le pr\u00eateur reconna\u00eet en faveur de ses propri\u00e9taires les droits de propri\u00e9t\u00e9 industrielle et intellectuelle correspondants, n&rsquo;impliquant pas la mention ou la pr\u00e9sence sur le site Web, l&rsquo;existence de droits ou la responsabilit\u00e9 du pr\u00eateur \u00e0 leur \u00e9gard, ni le soutien, le parrainage ou recommandation par le m\u00eame.<\/p>\n<p data-asw-orgfontsize=\"14\">Pour effectuer tout type d\u2019observation concernant de possibles violations des droits de propri\u00e9t\u00e9 intellectuelle ou industrielle, ainsi que tout contenu du site Web, vous pouvez le faire par courrier \u00e9lectronique.<\/p>\n<p data-asw-orgfontsize=\"14\"><strong>9.- DROIT APPLICABLE ET JURIDICTION<\/strong><br \/>\nPour la r\u00e9solution des litiges ou des questions concernant ce site Web ou des activit\u00e9s de ce dernier d\u00e9velopp\u00e9es, la l\u00e9gislation espagnole, \u00e0 laquelle les parties sont express\u00e9ment soumises, sera applicable, \u00e9tant comp\u00e9tente pour la r\u00e9solution de tous les conflits. d\u00e9riv\u00e9s ou li\u00e9s \u00e0 son utilisation, les cours et tribunaux de Barcelone.<\/p>\n<\/div><\/section><\/div>\n","protected":false},"excerpt":{"rendered":"","protected":false},"author":4,"featured_media":1391,"parent":0,"menu_order":101,"comment_status":"closed","ping_status":"closed","template":"","meta":{"footnotes":""},"class_list":["post-1390","page","type-page","status-publish","has-post-thumbnail","hentry"],"yoast_head":"<!-- This site is optimized with the Yoast SEO plugin v25.3 - https:\/\/yoast.com\/wordpress\/plugins\/seo\/ -->\n<title>B&amp;C - Your transfer, Your comfort<\/title>\n<meta name=\"description\" content=\"B&amp;C TRANSFERS li ofereix un transport professional i de qualitat a la Costa Brava. Disposa de vehicles d&#039;alta gamma i en cas de ser necessari vehicles de gran capacitat.\" \/>\n<meta name=\"robots\" content=\"index, follow, max-snippet:-1, max-image-preview:large, max-video-preview:-1\" \/>\n<link rel=\"canonical\" href=\"https:\/\/www.becetransfers.com\/fr\/aviso-legal\/\" \/>\n<meta property=\"og:locale\" content=\"fr_FR\" \/>\n<meta property=\"og:type\" content=\"article\" \/>\n<meta property=\"og:title\" content=\"B&amp;C - Your transfer, Your comfort\" \/>\n<meta property=\"og:description\" content=\"B&amp;C TRANSFERS li ofereix un transport professional i de qualitat a la Costa Brava. Disposa de vehicles d&#039;alta gamma i en cas de ser necessari vehicles de gran capacitat.\" \/>\n<meta property=\"og:url\" content=\"https:\/\/www.becetransfers.com\/fr\/aviso-legal\/\" \/>\n<meta property=\"og:site_name\" content=\"B&amp;C Transfers\" \/>\n<meta property=\"article:modified_time\" content=\"2025-07-02T10:56:37+00:00\" \/>\n<meta property=\"og:image\" content=\"https:\/\/www.becetransfers.com\/wp-content\/uploads\/2016\/02\/favicon.png\" \/>\n\t<meta property=\"og:image:width\" content=\"256\" \/>\n\t<meta property=\"og:image:height\" content=\"256\" \/>\n\t<meta property=\"og:image:type\" content=\"image\/png\" \/>\n<meta name=\"twitter:card\" content=\"summary_large_image\" \/>\n<meta name=\"twitter:label1\" content=\"Dur\u00e9e de lecture estim\u00e9e\" \/>\n\t<meta name=\"twitter:data1\" content=\"11 minutes\" \/>\n<script type=\"application\/ld+json\" class=\"yoast-schema-graph\">{\"@context\":\"https:\/\/schema.org\",\"@graph\":[{\"@type\":\"WebPage\",\"@id\":\"https:\/\/www.becetransfers.com\/fr\/aviso-legal\/\",\"url\":\"https:\/\/www.becetransfers.com\/fr\/aviso-legal\/\",\"name\":\"B&C - Your transfer, Your comfort\",\"isPartOf\":{\"@id\":\"https:\/\/www.becetransfers.com\/#website\"},\"primaryImageOfPage\":{\"@id\":\"https:\/\/www.becetransfers.com\/fr\/aviso-legal\/#primaryimage\"},\"image\":{\"@id\":\"https:\/\/www.becetransfers.com\/fr\/aviso-legal\/#primaryimage\"},\"thumbnailUrl\":\"https:\/\/www.becetransfers.com\/wp-content\/uploads\/2016\/02\/favicon.png\",\"datePublished\":\"2025-05-20T07:33:45+00:00\",\"dateModified\":\"2025-07-02T10:56:37+00:00\",\"description\":\"B&C TRANSFERS li ofereix un transport professional i de qualitat a la Costa Brava. Disposa de vehicles d'alta gamma i en cas de ser necessari vehicles de gran capacitat.\",\"breadcrumb\":{\"@id\":\"https:\/\/www.becetransfers.com\/fr\/aviso-legal\/#breadcrumb\"},\"inLanguage\":\"fr-FR\",\"potentialAction\":[{\"@type\":\"ReadAction\",\"target\":[\"https:\/\/www.becetransfers.com\/fr\/aviso-legal\/\"]}]},{\"@type\":\"ImageObject\",\"inLanguage\":\"fr-FR\",\"@id\":\"https:\/\/www.becetransfers.com\/fr\/aviso-legal\/#primaryimage\",\"url\":\"https:\/\/www.becetransfers.com\/wp-content\/uploads\/2016\/02\/favicon.png\",\"contentUrl\":\"https:\/\/www.becetransfers.com\/wp-content\/uploads\/2016\/02\/favicon.png\",\"width\":256,\"height\":256},{\"@type\":\"BreadcrumbList\",\"@id\":\"https:\/\/www.becetransfers.com\/fr\/aviso-legal\/#breadcrumb\",\"itemListElement\":[{\"@type\":\"ListItem\",\"position\":1,\"name\":\"Portada\",\"item\":\"https:\/\/www.becetransfers.com\/fr\/\"},{\"@type\":\"ListItem\",\"position\":2,\"name\":\"Avis juridique\"}]},{\"@type\":\"WebSite\",\"@id\":\"https:\/\/www.becetransfers.com\/#website\",\"url\":\"https:\/\/www.becetransfers.com\/\",\"name\":\"B&amp;C Transfers\",\"description\":\"Your Transfer, your comfort\",\"potentialAction\":[{\"@type\":\"SearchAction\",\"target\":{\"@type\":\"EntryPoint\",\"urlTemplate\":\"https:\/\/www.becetransfers.com\/?s={search_term_string}\"},\"query-input\":{\"@type\":\"PropertyValueSpecification\",\"valueRequired\":true,\"valueName\":\"search_term_string\"}}],\"inLanguage\":\"fr-FR\"}]}<\/script>\n<!-- \/ Yoast SEO plugin. -->","yoast_head_json":{"title":"B&C - Your transfer, Your comfort","description":"B&C TRANSFERS li ofereix un transport professional i de qualitat a la Costa Brava. Disposa de vehicles d'alta gamma i en cas de ser necessari vehicles de gran capacitat.","robots":{"index":"index","follow":"follow","max-snippet":"max-snippet:-1","max-image-preview":"max-image-preview:large","max-video-preview":"max-video-preview:-1"},"canonical":"https:\/\/www.becetransfers.com\/fr\/aviso-legal\/","og_locale":"fr_FR","og_type":"article","og_title":"B&C - Your transfer, Your comfort","og_description":"B&C TRANSFERS li ofereix un transport professional i de qualitat a la Costa Brava. Disposa de vehicles d'alta gamma i en cas de ser necessari vehicles de gran capacitat.","og_url":"https:\/\/www.becetransfers.com\/fr\/aviso-legal\/","og_site_name":"B&amp;C Transfers","article_modified_time":"2025-07-02T10:56:37+00:00","og_image":[{"width":256,"height":256,"url":"https:\/\/www.becetransfers.com\/wp-content\/uploads\/2016\/02\/favicon.png","type":"image\/png"}],"twitter_card":"summary_large_image","twitter_misc":{"Dur\u00e9e de lecture estim\u00e9e":"11 minutes"},"schema":{"@context":"https:\/\/schema.org","@graph":[{"@type":"WebPage","@id":"https:\/\/www.becetransfers.com\/fr\/aviso-legal\/","url":"https:\/\/www.becetransfers.com\/fr\/aviso-legal\/","name":"B&C - Your transfer, Your comfort","isPartOf":{"@id":"https:\/\/www.becetransfers.com\/#website"},"primaryImageOfPage":{"@id":"https:\/\/www.becetransfers.com\/fr\/aviso-legal\/#primaryimage"},"image":{"@id":"https:\/\/www.becetransfers.com\/fr\/aviso-legal\/#primaryimage"},"thumbnailUrl":"https:\/\/www.becetransfers.com\/wp-content\/uploads\/2016\/02\/favicon.png","datePublished":"2025-05-20T07:33:45+00:00","dateModified":"2025-07-02T10:56:37+00:00","description":"B&C TRANSFERS li ofereix un transport professional i de qualitat a la Costa Brava. Disposa de vehicles d'alta gamma i en cas de ser necessari vehicles de gran capacitat.","breadcrumb":{"@id":"https:\/\/www.becetransfers.com\/fr\/aviso-legal\/#breadcrumb"},"inLanguage":"fr-FR","potentialAction":[{"@type":"ReadAction","target":["https:\/\/www.becetransfers.com\/fr\/aviso-legal\/"]}]},{"@type":"ImageObject","inLanguage":"fr-FR","@id":"https:\/\/www.becetransfers.com\/fr\/aviso-legal\/#primaryimage","url":"https:\/\/www.becetransfers.com\/wp-content\/uploads\/2016\/02\/favicon.png","contentUrl":"https:\/\/www.becetransfers.com\/wp-content\/uploads\/2016\/02\/favicon.png","width":256,"height":256},{"@type":"BreadcrumbList","@id":"https:\/\/www.becetransfers.com\/fr\/aviso-legal\/#breadcrumb","itemListElement":[{"@type":"ListItem","position":1,"name":"Portada","item":"https:\/\/www.becetransfers.com\/fr\/"},{"@type":"ListItem","position":2,"name":"Avis juridique"}]},{"@type":"WebSite","@id":"https:\/\/www.becetransfers.com\/#website","url":"https:\/\/www.becetransfers.com\/","name":"B&amp;C Transfers","description":"Your Transfer, your comfort","potentialAction":[{"@type":"SearchAction","target":{"@type":"EntryPoint","urlTemplate":"https:\/\/www.becetransfers.com\/?s={search_term_string}"},"query-input":{"@type":"PropertyValueSpecification","valueRequired":true,"valueName":"search_term_string"}}],"inLanguage":"fr-FR"}]}},"_links":{"self":[{"href":"https:\/\/www.becetransfers.com\/fr\/wp-json\/wp\/v2\/pages\/1390","targetHints":{"allow":["GET"]}}],"collection":[{"href":"https:\/\/www.becetransfers.com\/fr\/wp-json\/wp\/v2\/pages"}],"about":[{"href":"https:\/\/www.becetransfers.com\/fr\/wp-json\/wp\/v2\/types\/page"}],"author":[{"embeddable":true,"href":"https:\/\/www.becetransfers.com\/fr\/wp-json\/wp\/v2\/users\/4"}],"replies":[{"embeddable":true,"href":"https:\/\/www.becetransfers.com\/fr\/wp-json\/wp\/v2\/comments?post=1390"}],"version-history":[{"count":7,"href":"https:\/\/www.becetransfers.com\/fr\/wp-json\/wp\/v2\/pages\/1390\/revisions"}],"predecessor-version":[{"id":1552,"href":"https:\/\/www.becetransfers.com\/fr\/wp-json\/wp\/v2\/pages\/1390\/revisions\/1552"}],"wp:featuredmedia":[{"embeddable":true,"href":"https:\/\/www.becetransfers.com\/fr\/wp-json\/wp\/v2\/media\/1391"}],"wp:attachment":[{"href":"https:\/\/www.becetransfers.com\/fr\/wp-json\/wp\/v2\/media?parent=1390"}],"curies":[{"name":"wp","href":"https:\/\/api.w.org\/{rel}","templated":true}]}}